{"id":105819,"date":"2026-03-05T17:50:09","date_gmt":"2026-03-05T16:50:09","guid":{"rendered":"https:\/\/demo.klimafirstklaas.de\/?post_type=product&#038;p=105819"},"modified":"2026-03-05T17:50:09","modified_gmt":"2026-03-05T16:50:09","slug":"mobiles-klimageraet-26kw","status":"publish","type":"product","link":"https:\/\/demo.klimafirstklaas.de\/?product=mobiles-klimageraet-26kw","title":{"rendered":"Mobiles Klimager\u00e4t 2,6kW"},"content":{"rendered":"<div class=\"product-collateral\">\n<div class=\"box-collateral box-description\">\n<h2>Details<\/h2>\n<p>&nbsp;<\/p>\n<p><strong>Artikel nicht mehr im Programm!<\/strong><\/p>\n<p><strong>Alternativartikel:\u00a0\u00a0\u00a0\u00a0\u00a0\u00a0\u00a0\u00a0\u00a0\u00a0\u00a0\u00a0\u00a0\u00a0<a href=\"https:\/\/www.klimafirstklaas.de\/index.php\/klima-monoblock-model-6226.html\">Monoblock Klimafirstklaas 6226<\/a><\/strong><\/p>\n<p><strong>Profitieren Sie von neuester Technik und Energieeffizienz!<\/strong><\/p>\n<p>&nbsp;<\/p>\n<p>&nbsp;<\/p>\n<p>&nbsp;<\/p>\n<p><strong>Mobiles Klimager\u00e4t 2,6 kW\u00a0\u00a0\u00a0\u00a0\u00a0\u00a0\u00a0\u00a0\u00a0\u00a0\u00a0\u00a0\u00a0\u00a0\u00a0\u00a0\u00a0\u00a0\u00a0\u00a0\u00a0\u00a0\u00a0\u00a0\u00a0\u00a0\u00a0\u00a0\u00a0\u00a0\u00a0\u00a0\u00a0\u00a0\u00a0<\/strong><\/p>\n<p>Marken Designer Klimager\u00e4t mit umfangreicher Ausstattung. Keine nachtr\u00e4glichen Montage- oder Inbetriebnahmekosten notwendig, da steckerfertig. Das beim K\u00fchlen anfallende Kondenswasser wird automatisch im Inneren des Ger\u00e4tes verdampft und durch den Abluftschlauch mit nach au\u00dfen gef\u00fchrt. Von daher ist kein Entleeren des Wassertanks mehr notwendig. Weitere Merkmale sind:<\/p>\n<p>-Bis 75m\u00b3 Wohnraumgr\u00f6\u00dfe geeignet<\/p>\n<p>-Entfeuchtungsfunktion\/hohe Entfeuchtungsleistung (bis zu 32 Liter\/24 Stunden)<\/p>\n<p>-L\u00e4nge des Abluftschlauches ca. 1,8 Meter<\/p>\n<p>-3 Stufige L\u00fcftergeschwindigkeit\/regelbar<\/p>\n<p>-Manuelle Richtungseinstellung \u00a0der Luftd\u00fcse m\u00f6glich<\/p>\n<p>-Vollautomatische, elektronische Temperatursteuerung<\/p>\n<p>-bundesweiter technischer Service<\/p>\n<p>&nbsp;<\/p>\n<p>mobiles Klimager\u00e4t Model 6087<\/p>\n<ul>\n<li>Leistungsaufnahme im K\u00fchlbetrieb: 1,01 kW\/h<\/li>\n<li>Ausgangsleistung im K\u00fchlbetrieb: 2,6 kW<\/li>\n<li>Nenneingangsstrom: 1,25 kW<\/li>\n<li><a href=\"https:\/\/www.klimafirstklaas.de\/media\/Energielabel\/Energielabel_6087.jpg\" target=\"_blank\" rel=\"noopener\">Energieeffizienzklasse K\u00fchlen: A\u00a0<\/a><\/li>\n<li>EER: 2,62<\/li>\n<li>Jahresenergieverbrauch max. (pro 500 h) 495 kW\/h<\/li>\n<li>Ger\u00e4uschemission: 53 dB(A)<\/li>\n<li>Luftumw\u00e4lzung: 400 cbm\/h<\/li>\n<li>Entfeuchtungsleistung: 1,3L\/h<\/li>\n<li>Pr\u00fcfzeichen: CE\/RoHS<\/li>\n<li>Abmessungen: 47,6*35,8*84,0 cm<\/li>\n<li>Netto Gewicht: 34,5 kg<\/li>\n<li>K\u00e4ltemittel Typ R-410A (0,45kg)<\/li>\n<li>Stromversorgung\u00a0 230 V, 50 Hz<\/li>\n<\/ul>\n<p>&nbsp;<\/p>\n<p><strong>Achtung:<\/strong>\u00a0Das Ger\u00e4t nach Aufstellen, vor der ersten Inbetriebnahme ca.\u00a024 Std. ruhen lassen damit sich die K\u00fchlfl\u00fcssigkeit im Kompressor setzen kann.<\/p>\n<p><strong>NEUE TECHNIK &#8211; ohne Wassertank<\/strong><\/p>\n<p>&nbsp;<\/p>\n<p><strong>1.)\u00a0\u00a0Was ist im Lieferumfang enthalten?<\/strong><\/p>\n<ul>\n<li>Fernbedienung<\/li>\n<li>Abluftschlauch (ausziehbar ca. 2 Meter)<\/li>\n<li>Bedienungsanleitung<\/li>\n<\/ul>\n<p><strong>2.) F\u00fcr welche Raumgr\u00f6\u00dfen ist der Monoblock geeignet?<\/strong><\/p>\n<p>Der Monoblock ist f\u00fcr Raumgr\u00f6\u00dfen von ca. 80 Kubikmeter ausgelegt. Dies beschreibt einen Mittelwert, da die Wirkung eines jeden Klimager\u00e4tes von den Begebenheiten vor Ort abh\u00e4ngt (Fensterfl\u00e4chen\/Sonneneinstrahlung, W\u00e4rmequellen\/Computer, Dachfl\u00e4chen\/Isolierung, Kamin, usw.) In jedem Fall aber besitzen Sie mit diesem Klimager\u00e4t eine hervorragende K\u00e4lteausgangsleistung<\/p>\n<p>&nbsp;<\/p>\n<p><strong>3.) \u00a0Darf ich die Abluftleitung verl\u00e4ngern? (dicker, ausziehbarer Schlauch)<\/strong><\/p>\n<p>In keinem Fall sollte die im Lieferumfang enthaltene Leitung verl\u00e4ngert werden, da sich ansonsten ein W\u00e4rmer\u00fcckstau im Inneren des Ger\u00e4tes bilden kann der dazu f\u00fchrt, dass der Kompressor aus Gr\u00fcnden des Ger\u00e4teschutzes abgeschaltet wird. In diesem Fall l\u00e4uft lediglich noch das Gebl\u00e4se. Bitte vermeiden Sie auch ein zu starkes Knicken des Schlauches.<\/p>\n<p>&nbsp;<\/p>\n<address>\u00a0<\/address>\n<address>\u00a0<\/address>\n<address>\n<address><strong>Vielen Dank dass Sie bei uns reingeschaut haben. Es gr\u00fc\u00dft Sie recht herzlich<\/strong><br \/>\n<strong>Ihr Team von \u201eKlimafirstKlaas\u201c,<\/strong><\/address>\n<p>eine eingetragene Marke der Klaas Direktimport GmbH<\/p>\n<p>WEEE-Reg.-Nr. DE 77249836<\/p>\n<\/address>\n<p>&nbsp;<\/p>\n<\/div>\n<\/div>\n<div class=\"tabbar\">\n<div id=\"tab_1\" class=\"tab active\"><a href=\"https:\/\/www.klimafirstklaas.de\/index.php\/informationen\/uber-mobile-klimagerate\/klima-monoblock-model-6087.html#\">Energiekostenrechner<\/a><\/div>\n<div class=\"clear\"><\/div>\n<div id=\"c_1\" class=\"context\">\n<form action=\"https:\/\/www.klimafirstklaas.de\/index.php\/informationen\/uber-mobile-klimagerate\/klima-monoblock-model-6087.html#\" name=\"energycalculator\">\n<div class=\"area left\">\n<p><label class=\"label\" for=\"kwh_cost\">Kosten pro KW\/h (Cent)<\/label><input id=\"kwh_cost\" class=\"input\" name=\"kwh_cost\" type=\"text\" value=\"0\" \/><\/p>\n<p>Bitte entnehmen Sie den Wert aus Ihrer Stromrechnung.<\/p>\n<\/div>\n<div class=\"area right\">\n<p><label class=\"label\" for=\"usage_time\">Betriebsstunden im Jahr<\/label><input id=\"usage_time\" class=\"input\" name=\"usage_time\" type=\"text\" value=\"120\" \/><\/p>\n<p>Tragen Sie hier die voraussichtlichen Betriebsstunden ein.<\/p>\n<\/div>\n<div class=\"clear\"><\/div>\n<div id=\"calculator_result\"><\/div>\n<\/form>\n<\/div>\n<\/div>\n","protected":false},"excerpt":{"rendered":"<p>Details &nbsp; Artikel nicht mehr im Programm! Alternativartikel:\u00a0\u00a0\u00a0\u00a0\u00a0\u00a0\u00a0\u00a0\u00a0\u00a0\u00a0\u00a0\u00a0\u00a0Monoblock Klimafirstklaas 6226 Profitieren Sie von neuester Technik und Energieeffizienz! &nbsp; &nbsp; &nbsp; Mobiles Klimager\u00e4t 2,6 kW\u00a0\u00a0\u00a0\u00a0\u00a0\u00a0\u00a0\u00a0\u00a0\u00a0\u00a0\u00a0\u00a0\u00a0\u00a0\u00a0\u00a0\u00a0\u00a0\u00a0\u00a0\u00a0\u00a0\u00a0\u00a0\u00a0\u00a0\u00a0\u00a0\u00a0\u00a0\u00a0\u00a0\u00a0\u00a0 Marken Designer Klimager\u00e4t mit umfangreicher Ausstattung. Keine nachtr\u00e4glichen Montage- oder Inbetriebnahmekosten notwendig, da steckerfertig. Das beim K\u00fchlen anfallende Kondenswasser wird automatisch im Inneren des Ger\u00e4tes verdampft und durch den Abluftschlauch mit [&hellip;]<\/p>\n","protected":false},"featured_media":105820,"template":"","meta":[],"product_brand":[],"product_cat":[36],"product_tag":[],"class_list":{"0":"post-105819","1":"product","2":"type-product","3":"status-publish","4":"has-post-thumbnail","6":"product_cat-ueber-mobile-klimageraete","8":"first","9":"instock","10":"shipping-taxable","11":"product-type-simple"},"_links":{"self":[{"href":"https:\/\/demo.klimafirstklaas.de\/index.php?rest_route=\/wp\/v2\/product\/105819","targetHints":{"allow":["GET"]}}],"collection":[{"href":"https:\/\/demo.klimafirstklaas.de\/index.php?rest_route=\/wp\/v2\/product"}],"about":[{"href":"https:\/\/demo.klimafirstklaas.de\/index.php?rest_route=\/wp\/v2\/types\/product"}],"wp:featuredmedia":[{"embeddable":true,"href":"https:\/\/demo.klimafirstklaas.de\/index.php?rest_route=\/wp\/v2\/media\/105820"}],"wp:attachment":[{"href":"https:\/\/demo.klimafirstklaas.de\/index.php?rest_route=%2Fwp%2Fv2%2Fmedia&parent=105819"}],"wp:term":[{"taxonomy":"product_brand","embeddable":true,"href":"https:\/\/demo.klimafirstklaas.de\/index.php?rest_route=%2Fwp%2Fv2%2Fproduct_brand&post=105819"},{"taxonomy":"product_cat","embeddable":true,"href":"https:\/\/demo.klimafirstklaas.de\/index.php?rest_route=%2Fwp%2Fv2%2Fproduct_cat&post=105819"},{"taxonomy":"product_tag","embeddable":true,"href":"https:\/\/demo.klimafirstklaas.de\/index.php?rest_route=%2Fwp%2Fv2%2Fproduct_tag&post=105819"}],"curies":[{"name":"wp","href":"https:\/\/api.w.org\/{rel}","templated":true}]}}