{"id":105815,"date":"2026-03-05T17:43:05","date_gmt":"2026-03-05T16:43:05","guid":{"rendered":"https:\/\/demo.klimafirstklaas.de\/?post_type=product&#038;p=105815"},"modified":"2026-03-05T17:43:05","modified_gmt":"2026-03-05T16:43:05","slug":"klima-monogeraete","status":"publish","type":"product","link":"https:\/\/demo.klimafirstklaas.de\/?product=klima-monogeraete","title":{"rendered":"Klima-Monoger\u00e4te"},"content":{"rendered":"<h2>Details<\/h2>\n<p>&nbsp;<\/p>\n<address><strong>Aufgrund der unerwartet hohen\u00a0Nachfrage ist dieser Artikel leider bereits ausverkauft!<\/strong><\/address>\n<address>\u00a0<\/address>\n<address>\u00a0<\/address>\n<address>\u00a0<\/address>\n<address><strong><img loading=\"lazy\" decoding=\"async\" src=\"https:\/\/www.klimafirstklaas.de\/media\/\/Logo_ber_15_Jahre.jpg\" alt=\"\" width=\"120\" height=\"120\" \/><\/strong>&nbsp;<\/p>\n<p>&nbsp;<\/p>\n<p>&nbsp;<\/p>\n<p>&nbsp;<\/p>\n<p>&nbsp;<\/p>\n<p>&nbsp;<\/p>\n<p><strong>Mobiles Klimager\u00e4t 2,0 kW\u00a0<\/strong><\/p>\n<p>Marken Designer Klimager\u00e4t mit umfangreicher Ausstattung. Keine nachtr\u00e4glichen Montage- oder Inbetriebnahmekosten notwendig, da steckerfertig. Das beim K\u00fchlen anfallende Kondenswasser wird automatisch im Inneren des Ger\u00e4tes verdampft und durch den Abluftschlauch mit nach au\u00dfen gef\u00fchrt. Von daher ist kein Entleeren des Wassertanks mehr notwendig. Weitere Merkmale sind:<\/p>\n<p>&nbsp;<\/p>\n<p>-Bis 50m\u00b3 Wohnraumgr\u00f6\u00dfe geeignet<\/p>\n<p>-Entfeuchtungsfunktion\/hohe Entfeuchtungsleistung (bis zu\u00a043 Liter\/24 Stunden)<\/p>\n<p>-Sleep-Funktion (Fl\u00fcstermodus)<\/p>\n<p>-Timerfunktion<\/p>\n<p>-L\u00e4nge des Abluftschlauches ca. 1,8 Meter<\/p>\n<p>-L\u00fcftergeschwindigkeit\/regelbar<\/p>\n<p>-Richtungseinstellung der Luftd\u00fcse m\u00f6glich<\/p>\n<p>-Rollen f\u00fcr m\u00fcheloses verschieben<\/p>\n<p>-Vollautomatische, elektronische Temperatursteuerung<\/p>\n<p>-inkl. Fernbedienung<\/p>\n<p>-bundesweiter technischer Service<\/p>\n<p>&nbsp;<\/p>\n<p>mobiles Klimager\u00e4t Model 6220<\/p>\n<ul>\n<li>Leistungskapazit\u00e4t:\u00a02,05 kW<\/li>\n<li>Energieverbrauch: 0,8 kWh je 60 Minuten<\/li>\n<li>Leistungsaufnahme:\u00a00,78 &#8211; 0,83\u00a0kW<\/li>\n<li>Nennaufnahme: 3,9 A<\/li>\n<li>Energieeffizienzklasse K\u00fchlen: A<\/li>\n<li>EER: 2,60<\/li>\n<li>Ger\u00e4uschemission:\u00a064 dB(A)<\/li>\n<li>Luftumw\u00e4lzung:\u00a0225 m\u00b3\/h<\/li>\n<li>Entfeuchtungsleistung: 1,8 L\/h<\/li>\n<li>Pr\u00fcfzeichen: CE\/RoHS<\/li>\n<li>Abmessungen (B\/H\/T):\u00a0320 x\u00a0670 x\u00a0320 mm<\/li>\n<li>Netto Gewicht: 24,5 kg<\/li>\n<li>K\u00e4ltemittel Typ R290 (0,17kg)<\/li>\n<li>Stromversorgung\u00a0 230 V, 50 Hz<\/li>\n<\/ul>\n<p>&nbsp;<\/p>\n<p><strong>Achtung:<\/strong>\u00a0Das Ger\u00e4t nach Aufstellen, vor der ersten Inbetriebnahme ca.\u00a024 Std. ruhen lassen damit sich die K\u00fchlfl\u00fcssigkeit im Kompressor setzen kann.<\/p>\n<p>&nbsp;<\/p>\n<p><strong>NEUE TECHNIK &#8211; ohne Wassertank<\/strong><\/p>\n<p>&nbsp;<\/p>\n<p><strong>1.)\u00a0\u00a0Was ist im Lieferumfang enthalten?<\/strong><\/p>\n<ul>\n<li>Monoblock<\/li>\n<li>Fernbedienung<\/li>\n<li>Abluftschlauch (ausziehbar ca.\u00a01,80 Meter)<\/li>\n<li>Fensterschiene<\/li>\n<li>Kondensatschlauch<\/li>\n<li>Bedienungsanleitung<\/li>\n<\/ul>\n<p><strong>2.) F\u00fcr welche Raumgr\u00f6\u00dfen ist der Monoblock geeignet?<\/strong><\/p>\n<p>Der Monoblock ist f\u00fcr Raumgr\u00f6\u00dfen von ca.\u00a050 Kubikmeter ausgelegt. Dies beschreibt einen Mittelwert, da die Wirkung eines jeden Klimager\u00e4tes von den Begebenheiten vor Ort abh\u00e4ngt (Fensterfl\u00e4chen\/Sonneneinstrahlung, W\u00e4rmequellen\/Computer, Dachfl\u00e4chen\/Isolierung, Kamin, usw.) In jedem Fall aber besitzen Sie mit diesem Klimager\u00e4t eine hervorragende K\u00e4lteausgangsleistung<\/p>\n<p><strong>3.) \u00a0Darf ich die Abluftleitung verl\u00e4ngern? (dicker, ausziehbarer Schlauch)<\/strong><\/p>\n<p>In keinem Fall sollte die im Lieferumfang enthaltene Leitung verl\u00e4ngert werden, da sich ansonsten ein W\u00e4rmer\u00fcckstau im Inneren des Ger\u00e4tes bilden kann der dazu f\u00fchrt, dass der Kompressor aus Gr\u00fcnden des Ger\u00e4teschutzes abgeschaltet wird. In diesem Fall l\u00e4uft lediglich noch das Gebl\u00e4se. Bitte vermeiden Sie auch ein zu starkes Knicken des Schlauches.<\/p>\n<p>&nbsp;<\/p>\n<address><strong>Lieferzeit ca. 2 &#8211; 4 Werktage<\/strong><\/address>\n<address>\u00a0<\/address>\n<address>\u00a0<\/address>\n<address>\u00a0<\/address>\n<address>\n<address><strong>Vielen Dank dass Sie bei uns reingeschaut haben. Es gr\u00fc\u00dft Sie recht herzlich<\/strong><br \/>\n<strong>Ihr Team von \u201eKlimafirstKlaas\u201c,<\/strong><\/address>\n<p>eine eingetragene Marke der Klaas Direktimport GmbH<\/p>\n<p>WEEE-Reg.-Nr. DE 77249836<\/p>\n<\/address>\n<\/address>\n","protected":false},"excerpt":{"rendered":"<p>Details &nbsp; Aufgrund der unerwartet hohen\u00a0Nachfrage ist dieser Artikel leider bereits ausverkauft! \u00a0 \u00a0 \u00a0 &nbsp; &nbsp; &nbsp; &nbsp; &nbsp; &nbsp; Mobiles Klimager\u00e4t 2,0 kW\u00a0 Marken Designer Klimager\u00e4t mit umfangreicher Ausstattung. Keine nachtr\u00e4glichen Montage- oder Inbetriebnahmekosten notwendig, da steckerfertig. Das beim K\u00fchlen anfallende Kondenswasser wird automatisch im Inneren des Ger\u00e4tes verdampft und durch den Abluftschlauch [&hellip;]<\/p>\n","protected":false},"featured_media":105816,"template":"","meta":[],"product_brand":[],"product_cat":[28],"product_tag":[],"class_list":{"0":"post-105815","1":"product","2":"type-product","3":"status-publish","4":"has-post-thumbnail","6":"product_cat-klima-monogeraete","8":"first","9":"instock","10":"shipping-taxable","11":"product-type-simple"},"_links":{"self":[{"href":"https:\/\/demo.klimafirstklaas.de\/index.php?rest_route=\/wp\/v2\/product\/105815","targetHints":{"allow":["GET"]}}],"collection":[{"href":"https:\/\/demo.klimafirstklaas.de\/index.php?rest_route=\/wp\/v2\/product"}],"about":[{"href":"https:\/\/demo.klimafirstklaas.de\/index.php?rest_route=\/wp\/v2\/types\/product"}],"wp:featuredmedia":[{"embeddable":true,"href":"https:\/\/demo.klimafirstklaas.de\/index.php?rest_route=\/wp\/v2\/media\/105816"}],"wp:attachment":[{"href":"https:\/\/demo.klimafirstklaas.de\/index.php?rest_route=%2Fwp%2Fv2%2Fmedia&parent=105815"}],"wp:term":[{"taxonomy":"product_brand","embeddable":true,"href":"https:\/\/demo.klimafirstklaas.de\/index.php?rest_route=%2Fwp%2Fv2%2Fproduct_brand&post=105815"},{"taxonomy":"product_cat","embeddable":true,"href":"https:\/\/demo.klimafirstklaas.de\/index.php?rest_route=%2Fwp%2Fv2%2Fproduct_cat&post=105815"},{"taxonomy":"product_tag","embeddable":true,"href":"https:\/\/demo.klimafirstklaas.de\/index.php?rest_route=%2Fwp%2Fv2%2Fproduct_tag&post=105815"}],"curies":[{"name":"wp","href":"https:\/\/api.w.org\/{rel}","templated":true}]}}