{"id":105814,"date":"2026-03-05T17:40:12","date_gmt":"2026-03-05T16:40:12","guid":{"rendered":"https:\/\/demo.klimafirstklaas.de\/?post_type=product&#038;p=105814"},"modified":"2026-03-05T17:40:12","modified_gmt":"2026-03-05T16:40:12","slug":"luftenfeuchter-10l","status":"publish","type":"product","link":"https:\/\/demo.klimafirstklaas.de\/?product=luftenfeuchter-10l","title":{"rendered":"Luftenfeuchter 10L"},"content":{"rendered":"<h2>Details<\/h2>\n<p>&nbsp;<\/p>\n<address><strong>Aufgrund der unerwartet hohen\u00a0Nachfrage ist dieser Artikel leider bereits ausverkauft!<\/strong><strong><img loading=\"lazy\" decoding=\"async\" src=\"https:\/\/www.klimafirstklaas.de\/media\/\/Logo_ber_15_Jahre.jpg\" alt=\"\" width=\"120\" height=\"120\" \/><\/strong>Luftentfeuchter 10L Model 5006 f\u00fcr den Hausgebrauch<\/p>\n<ul>\n<li>Leistung:10 L \/ Tag in Abh\u00e4ngigkeit von Temperatur und Raumfeuchte<\/li>\n<li>Steckerfertig<\/li>\n<li>F\u00fcr Wohnr\u00e4ume bis 30 m\u00b2 geeignet<\/li>\n<li>Schaltet bei vollem Wassertank automatisch und zuverl\u00e4ssig abK\u00fchlmittel:R134a \/ FCKW frei<\/li>\n<li>Mit praktischemTragegriff<\/li>\n<li>Sehr leise<\/li>\n<li>Entfeuchtungsstufen frei w\u00e4hlbar<\/li>\n<li>Wirkungs-Temperaturbereich: 15-35\u00b0C<\/li>\n<li>inkl. auswaschbarem Filter<\/li>\n<li>automatische Entfrostfunktion<\/li>\n<li>zus\u00e4tzliche Dauerdrainage m\u00f6glich (mit PVS-SchlauchInnendurchmesser 15mm\/ nicht im Lieferumfang enthalten)<\/li>\n<li>ca. 42 dB<\/li>\n<li>gro\u00dfer Wasserauffangbeh\u00e4lter (2,5l)<\/li>\n<li>Ma\u00dfe:274\/484\/258 (Breite\/H\u00f6he\/Tiefe) 11kg<\/li>\n<\/ul>\n<p>Sie haben Probleme mit feuchten W\u00e4nden, schimmelnden Tapeten oder Wasserbildung an der Fensterscheibe? Z\u00f6gern Sie nicht, sondern senken sie mit einem Luftentfeuchter die Feuchtigkeit in ihrer Wohnung. Schaffen Sie zuverl\u00e4ssige und langfristige Abhilfe und verhindern dadurch eine Sch\u00e4digung der Bausubstanz oder gar ihre Gesundheit. Der Luftentfeuchter &#8222;5006&#8220; mit stufenloser Steuerung ist mit einem Tragegriffen zum sicheren Transport und l\u00e4sst sich somit in verschiedenen R\u00e4umen betreiben. Der Luftentfeuchter besitzt eine Entfeuchtungs-Kapazit\u00e4t von bis zu ca. 10 Litern pro Tag, in Abh\u00e4ngigkeit von Temperatur und Raumfeuchte. Eine st\u00e4ndige \u00dcberwachung der vorhandenen Raumfeuchte garantiert f\u00fcr selbstst\u00e4ndige Regulierung der Luftfeuchtigkeit. Der Kompressor schaltet sich automatisch nach Erreichen der Zielfeuchtigkeit aus und auch automatisch wieder an, wenn es im Raum nochmals feuchter wird ! Drei LED,s informieren Sie zuverl\u00e4ssig \u00fcber den F\u00fcllstand des Wassertanks, die Entfrostungsfunktion, sowie den Betrieb Ihres Luftentfeuchters. Auch schaltet Ihr Luftentfeuchter automatisch ab, wenn der Wassertank voll ist. So sind Sie auch sicher, wenn Sie mal nicht zuhause sind.<\/p>\n<p>&nbsp;<\/p>\n<address><strong>Lieferzeit ca. 2 &#8211; 4 Werktage<\/strong><\/address>\n<address>\u00a0<\/address>\n<address>\u00a0<\/address>\n<address>\u00a0<\/address>\n<address>\n<address><strong>Vielen Dank dass Sie bei uns reingeschaut haben. Es gr\u00fc\u00dft Sie recht herzlich<\/strong><br \/>\n<strong>Ihr Team von \u201eKlimafirstKlaas\u201c,<\/strong><\/address>\n<p>eine eingetragene Marke der Klaas Direktimport GmbH<\/p>\n<\/address>\n<\/address>\n","protected":false},"excerpt":{"rendered":"<p>Details &nbsp; Aufgrund der unerwartet hohen\u00a0Nachfrage ist dieser Artikel leider bereits ausverkauft!Luftentfeuchter 10L Model 5006 f\u00fcr den Hausgebrauch Leistung:10 L \/ Tag in Abh\u00e4ngigkeit von Temperatur und Raumfeuchte Steckerfertig F\u00fcr Wohnr\u00e4ume bis 30 m\u00b2 geeignet Schaltet bei vollem Wassertank automatisch und zuverl\u00e4ssig abK\u00fchlmittel:R134a \/ FCKW frei Mit praktischemTragegriff Sehr leise Entfeuchtungsstufen frei w\u00e4hlbar Wirkungs-Temperaturbereich: 15-35\u00b0C [&hellip;]<\/p>\n","protected":false},"featured_media":105708,"template":"","meta":[],"product_brand":[],"product_cat":[29],"product_tag":[],"class_list":{"0":"post-105814","1":"product","2":"type-product","3":"status-publish","4":"has-post-thumbnail","6":"product_cat-luftentfeuchter","8":"first","9":"instock","10":"shipping-taxable","11":"product-type-simple"},"_links":{"self":[{"href":"https:\/\/demo.klimafirstklaas.de\/index.php?rest_route=\/wp\/v2\/product\/105814","targetHints":{"allow":["GET"]}}],"collection":[{"href":"https:\/\/demo.klimafirstklaas.de\/index.php?rest_route=\/wp\/v2\/product"}],"about":[{"href":"https:\/\/demo.klimafirstklaas.de\/index.php?rest_route=\/wp\/v2\/types\/product"}],"wp:featuredmedia":[{"embeddable":true,"href":"https:\/\/demo.klimafirstklaas.de\/index.php?rest_route=\/wp\/v2\/media\/105708"}],"wp:attachment":[{"href":"https:\/\/demo.klimafirstklaas.de\/index.php?rest_route=%2Fwp%2Fv2%2Fmedia&parent=105814"}],"wp:term":[{"taxonomy":"product_brand","embeddable":true,"href":"https:\/\/demo.klimafirstklaas.de\/index.php?rest_route=%2Fwp%2Fv2%2Fproduct_brand&post=105814"},{"taxonomy":"product_cat","embeddable":true,"href":"https:\/\/demo.klimafirstklaas.de\/index.php?rest_route=%2Fwp%2Fv2%2Fproduct_cat&post=105814"},{"taxonomy":"product_tag","embeddable":true,"href":"https:\/\/demo.klimafirstklaas.de\/index.php?rest_route=%2Fwp%2Fv2%2Fproduct_tag&post=105814"}],"curies":[{"name":"wp","href":"https:\/\/api.w.org\/{rel}","templated":true}]}}