{"id":105719,"date":"2026-03-04T17:46:29","date_gmt":"2026-03-04T16:46:29","guid":{"rendered":"https:\/\/demo.klimafirstklaas.de\/?post_type=product&#038;p=105719"},"modified":"2026-03-04T17:46:29","modified_gmt":"2026-03-04T16:46:29","slug":"luftentfeuchter-20l","status":"publish","type":"product","link":"https:\/\/demo.klimafirstklaas.de\/?product=luftentfeuchter-20l","title":{"rendered":"Luftentfeuchter 20L"},"content":{"rendered":"<h2>Details<\/h2>\n<p>&nbsp;<\/p>\n<address><strong>Aufgrund der unerwartet hohen\u00a0Nachfrage ist dieser Artikel leider bereits ausverkauft!<\/strong><strong><img loading=\"lazy\" decoding=\"async\" src=\"https:\/\/www.klimafirstklaas.de\/media\/\/Logo_ber_15_Jahre.jpg\" alt=\"\" width=\"120\" height=\"120\" \/><\/strong>Wohnraum-Luftentfeuchter 20 L Model 7007\u00a0<a href=\"https:\/\/www.klimafirstklaas.de\/index.php\/catalog\/product\/view\/id\/226\/s\/luftentfeuchter-model-7007\/\"><strong><br \/>\n<\/strong><\/a><\/p>\n<ul>\n<li>Leistung: ca. 20 L \/ Tag in Abh\u00e4ngigkeit von Temperatur und Raumfeuchte (30\u00b0C und 80% Luftfeuchtigkeit)<\/li>\n<li>Steckerfertig<\/li>\n<li>F\u00fcr Wohnr\u00e4ume bis 40 m\u00b2 geeignet<\/li>\n<li>Entfeuchtungsstufen elektronisch w\u00e4hlbar, sowie kontinuierliche Entfeuchtung oder Komfortfunktion (Vollautomatische Steuerung nach Raumtemperatur)<\/li>\n<li>Schaltet bei vollem Wassertank automatisch und zuverl\u00e4ssig ab (inkl. Signalton)<\/li>\n<li>gro\u00dfer Wasserauffangbeh\u00e4lter mit praktischem Tragegriff<\/li>\n<li>zus\u00e4tzliche Dauerdrainage m\u00f6glich (mit PVS-Schlauch \/ im Lieferumfang enthalten \/ kann bei Bedarf verl\u00e4ngert werden)<\/li>\n<li>Timerfunktion (Ger\u00e4t schaltet auf Wunsch zuverl\u00e4ssig an oder ab)<\/li>\n<li>automatische Entfrostfunktion<\/li>\n<li>Wirkungs-Temperaturbereich: 15-35\u00b0C<\/li>\n<li>mit praktischem Tragegriff &amp; Leichtlaufrollen<\/li>\n<li>inkl. auswaschbarem Filter<\/li>\n<li>ca. 46 dB<\/li>\n<li>K\u00fchlmittel: R134a \/ FCKW frei<\/li>\n<li>CE\/GS<\/li>\n<li>Servicetelefon<\/li>\n<li>Ma\u00dfe: 300\/524\/239 (Breite\/H\u00f6he\/Tiefe) 13 kg<\/li>\n<\/ul>\n<p>Sie haben Probleme mit feuchten W\u00e4nden, schimmelnden Tapeten oder Wasserbildung an der Fensterscheibe? Z\u00f6gern Sie nicht, sondern senken sie mit einem Luftentfeuchter die Feuchtigkeit in ihrer Wohnung. Schaffen Sie zuverl\u00e4ssige und langfristige Abhilfe und verhindern dadurch eine Sch\u00e4digung der Bausubstanz oder gar ihrer Gesundheit. Der Luftentfeuchter &#8222;7007&#8220; mit elektronischer Steuerung ist mit Tragegriffen und Leichtlaufrollen ausgestattet und l\u00e4sst sich somit problemlos bewegen. Der Luftentfeuchter besitzt eine Entfeuchtungs-Kapazit\u00e4t von bis zu ca. 20 Litern pro Tag, in Abh\u00e4ngigkeit von Temperatur und Raumfeuchte. Eine st\u00e4ndige \u00dcberwachung der vorhandenen Raumfeuchte garantiert die selbstst\u00e4ndige Regulierung der Luftfeuchtigkeit. Das Ger\u00e4t schaltet sich automatisch nach Erreichen der Zielfeuchtigkeit aus und auch automatisch wieder an, wenn es im Raum nochmals feuchter wird! Ein dezentes Display informiert Sie zuverl\u00e4ssig \u00fcber die vorhandene Raumfeuchte. Auch schaltet Ihr Luftentfeuchter automatisch ab, wenn der Wassertank voll ist. So sind Sie auch sicher, wenn Sie mal nicht zuhause sind.<\/p>\n<p>&nbsp;<\/p>\n<address>\u00a0<\/address>\n<address>\n<address><strong>Vielen Dank dass Sie bei uns reingeschaut haben. Es gr\u00fc\u00dft Sie recht herzlich<\/strong><br \/>\n<strong>Ihr Team von \u201eKlimafirstKlaas\u201c,<\/strong><\/address>\n<p>eine eingetragene Marke der Klaas Direktimport GmbH<\/p>\n<p>WEEE-Reg.-Nr. DE 77249836<\/p>\n<\/address>\n<\/address>\n","protected":false},"excerpt":{"rendered":"<p>Details &nbsp; Aufgrund der unerwartet hohen\u00a0Nachfrage ist dieser Artikel leider bereits ausverkauft!Wohnraum-Luftentfeuchter 20 L Model 7007\u00a0 Leistung: ca. 20 L \/ Tag in Abh\u00e4ngigkeit von Temperatur und Raumfeuchte (30\u00b0C und 80% Luftfeuchtigkeit) Steckerfertig F\u00fcr Wohnr\u00e4ume bis 40 m\u00b2 geeignet Entfeuchtungsstufen elektronisch w\u00e4hlbar, sowie kontinuierliche Entfeuchtung oder Komfortfunktion (Vollautomatische Steuerung nach Raumtemperatur) Schaltet bei vollem Wassertank [&hellip;]<\/p>\n","protected":false},"featured_media":105720,"template":"","meta":[],"product_brand":[],"product_cat":[35],"product_tag":[],"class_list":{"0":"post-105719","1":"product","2":"type-product","3":"status-publish","4":"has-post-thumbnail","6":"product_cat-ueber-klima-splitgeraete","8":"first","9":"instock","10":"shipping-taxable","11":"product-type-simple"},"_links":{"self":[{"href":"https:\/\/demo.klimafirstklaas.de\/index.php?rest_route=\/wp\/v2\/product\/105719","targetHints":{"allow":["GET"]}}],"collection":[{"href":"https:\/\/demo.klimafirstklaas.de\/index.php?rest_route=\/wp\/v2\/product"}],"about":[{"href":"https:\/\/demo.klimafirstklaas.de\/index.php?rest_route=\/wp\/v2\/types\/product"}],"wp:featuredmedia":[{"embeddable":true,"href":"https:\/\/demo.klimafirstklaas.de\/index.php?rest_route=\/wp\/v2\/media\/105720"}],"wp:attachment":[{"href":"https:\/\/demo.klimafirstklaas.de\/index.php?rest_route=%2Fwp%2Fv2%2Fmedia&parent=105719"}],"wp:term":[{"taxonomy":"product_brand","embeddable":true,"href":"https:\/\/demo.klimafirstklaas.de\/index.php?rest_route=%2Fwp%2Fv2%2Fproduct_brand&post=105719"},{"taxonomy":"product_cat","embeddable":true,"href":"https:\/\/demo.klimafirstklaas.de\/index.php?rest_route=%2Fwp%2Fv2%2Fproduct_cat&post=105719"},{"taxonomy":"product_tag","embeddable":true,"href":"https:\/\/demo.klimafirstklaas.de\/index.php?rest_route=%2Fwp%2Fv2%2Fproduct_tag&post=105719"}],"curies":[{"name":"wp","href":"https:\/\/api.w.org\/{rel}","templated":true}]}}