{"id":105711,"date":"2026-03-04T17:33:27","date_gmt":"2026-03-04T16:33:27","guid":{"rendered":"https:\/\/demo.klimafirstklaas.de\/?post_type=product&#038;p=105711"},"modified":"2026-03-04T17:33:27","modified_gmt":"2026-03-04T16:33:27","slug":"abdeckung-fuer-26kw-geraete","status":"publish","type":"product","link":"https:\/\/demo.klimafirstklaas.de\/?product=abdeckung-fuer-26kw-geraete","title":{"rendered":"Abdeckung f\u00fcr 2,6kW Ger\u00e4te"},"content":{"rendered":"<h2>Details<\/h2>\n<p>&nbsp;<\/p>\n<p><strong>Abdeckung f\u00fcr Klima-Splitger\u00e4te 2,6kW Ausseneinheit<\/strong><\/p>\n<p>verhindert das Verschmutzen ausserhalb der Saison<\/p>\n<ul>\n<li>wasserdichte und ozonbest\u00e4ndige Ausf\u00fchrung<\/li>\n<li>inkl. praktischen und windfesten Befestigungsb\u00e4ndern<\/li>\n<li>nass abwaschbar<\/li>\n<li>Gr\u00f6\u00dfe ca. 65 cm x 26 cm x 40 cm (L\/B\/H)<\/li>\n<\/ul>\n<p>&nbsp;<\/p>\n<p>f\u00fcr Model: 5011 und andere 2,6kW Ausseneinheiten<\/p>\n<p>&nbsp;<\/p>\n<p>***Ausgenommen das Model 6011, hierf\u00fcr ben\u00f6tigen Sie die Schutzh\u00fclle Artikelnummer: 5016<\/p>\n<p>&nbsp;<\/p>\n<address><strong>Lieferzeit ca. 2 &#8211; 4 Werktage<\/strong><\/address>\n<address>\u00a0<\/address>\n<address>\u00a0<\/address>\n<address>\u00a0<\/address>\n<address>\n<address><strong>Vielen Dank dass Sie bei uns reingeschaut haben. Es gr\u00fc\u00dft Sie recht herzlich<\/strong><br \/>\n<strong>Ihr Team von \u201eKlimafirstKlaas\u201c,<\/strong><\/address>\n<p>eine eingetragene Marke der Klaas Direktimport GmbH<\/p>\n<\/address>\n","protected":false},"excerpt":{"rendered":"<p>Details &nbsp; Abdeckung f\u00fcr Klima-Splitger\u00e4te 2,6kW Ausseneinheit verhindert das Verschmutzen ausserhalb der Saison wasserdichte und ozonbest\u00e4ndige Ausf\u00fchrung inkl. praktischen und windfesten Befestigungsb\u00e4ndern nass abwaschbar Gr\u00f6\u00dfe ca. 65 cm x 26 cm x 40 cm (L\/B\/H) &nbsp; f\u00fcr Model: 5011 und andere 2,6kW Ausseneinheiten &nbsp; ***Ausgenommen das Model 6011, hierf\u00fcr ben\u00f6tigen Sie die Schutzh\u00fclle Artikelnummer: 5016 [&hellip;]<\/p>\n","protected":false},"featured_media":105712,"template":"","meta":[],"product_brand":[],"product_cat":[32],"product_tag":[],"class_list":{"0":"post-105711","1":"product","2":"type-product","3":"status-publish","4":"has-post-thumbnail","6":"product_cat-fuer-klima-splitgeraete","8":"first","9":"instock","10":"shipping-taxable","11":"product-type-simple"},"_links":{"self":[{"href":"https:\/\/demo.klimafirstklaas.de\/index.php?rest_route=\/wp\/v2\/product\/105711","targetHints":{"allow":["GET"]}}],"collection":[{"href":"https:\/\/demo.klimafirstklaas.de\/index.php?rest_route=\/wp\/v2\/product"}],"about":[{"href":"https:\/\/demo.klimafirstklaas.de\/index.php?rest_route=\/wp\/v2\/types\/product"}],"wp:featuredmedia":[{"embeddable":true,"href":"https:\/\/demo.klimafirstklaas.de\/index.php?rest_route=\/wp\/v2\/media\/105712"}],"wp:attachment":[{"href":"https:\/\/demo.klimafirstklaas.de\/index.php?rest_route=%2Fwp%2Fv2%2Fmedia&parent=105711"}],"wp:term":[{"taxonomy":"product_brand","embeddable":true,"href":"https:\/\/demo.klimafirstklaas.de\/index.php?rest_route=%2Fwp%2Fv2%2Fproduct_brand&post=105711"},{"taxonomy":"product_cat","embeddable":true,"href":"https:\/\/demo.klimafirstklaas.de\/index.php?rest_route=%2Fwp%2Fv2%2Fproduct_cat&post=105711"},{"taxonomy":"product_tag","embeddable":true,"href":"https:\/\/demo.klimafirstklaas.de\/index.php?rest_route=%2Fwp%2Fv2%2Fproduct_tag&post=105711"}],"curies":[{"name":"wp","href":"https:\/\/api.w.org\/{rel}","templated":true}]}}